{"id":37942,"date":"2025-12-10T15:03:02","date_gmt":"2025-12-10T15:03:02","guid":{"rendered":"https:\/\/garderobemekka.no\/?page_id=37942"},"modified":"2026-05-06T17:44:29","modified_gmt":"2026-05-06T17:44:29","slug":"financing","status":"publish","type":"page","link":"https:\/\/garderobemekka.no\/en\/financing\/","title":{"rendered":"Financing"},"content":{"rendered":"\t\t<div data-elementor-type=\"wp-page\" data-elementor-id=\"37942\" class=\"elementor elementor-37942 elementor-37477\" data-elementor-post-type=\"page\">\n\t\t\t\t<div class=\"elementor-element elementor-element-92dfe7f e-flex e-con-boxed e-con e-parent\" data-id=\"92dfe7f\" data-element_type=\"container\" data-e-type=\"container\">\n\t\t\t\t\t<div class=\"e-con-inner\">\n\t\t\t\t<div class=\"elementor-element elementor-element-a337239 elementor-widget elementor-widget-heading\" data-id=\"a337239\" data-element_type=\"widget\" data-e-type=\"widget\" data-widget_type=\"heading.default\">\n\t\t\t\t\t<h2 class=\"elementor-heading-title elementor-size-default\">Vi tilbyr rentefri nedbetaling\np\u00e5 opptil 12 mnd via Resurs bank.<\/h2>\t\t\t\t<\/div>\n\t\t\t\t<div class=\"elementor-element elementor-element-9845484 elementor-widget elementor-widget-heading\" data-id=\"9845484\" data-element_type=\"widget\" data-e-type=\"widget\" data-widget_type=\"heading.default\">\n\t\t\t\t\t<p class=\"elementor-heading-title elementor-size-default\">Kontakt oss for et uforpliktende finansieringstilbud.<\/p>\t\t\t\t<\/div>\n\t\t\t\t<div class=\"elementor-element elementor-element-c0d1eff elementor-widget elementor-widget-spacer\" data-id=\"c0d1eff\" data-element_type=\"widget\" data-e-type=\"widget\" data-widget_type=\"spacer.default\">\n\t\t\t\t\t\t\t<div class=\"elementor-spacer\">\n\t\t\t<div class=\"elementor-spacer-inner\"><\/div>\n\t\t<\/div>\n\t\t\t\t\t\t<\/div>\n\t\t\t\t\t<\/div>\n\t\t\t\t<\/div>\n\t\t<div class=\"elementor-element elementor-element-adb13a3 e-flex e-con-boxed e-con e-parent\" data-id=\"adb13a3\" data-element_type=\"container\" data-e-type=\"container\">\n\t\t\t\t\t<div class=\"e-con-inner\">\n\t\t\t\t<div class=\"elementor-element elementor-element-8d36e38 elementor-widget elementor-widget-gmekka_loan_calculator\" data-id=\"8d36e38\" data-element_type=\"widget\" data-e-type=\"widget\" data-widget_type=\"gmekka_loan_calculator.default\">\n\t\t\t\t<div class=\"elementor-widget-container\">\n\t\t\t\t\t        <div class=\"loan-wrap\" id=\"gmekka-loan-8d36e38\">\n            <div class=\"loan-head\">\n                <h3>Loan calculator<\/h3>\n                <div class=\"loan-field\">\n                    <label for=\"gmekka-loan-8d36e38-amount\">Amount<\/label>\n                    <input id=\"gmekka-loan-8d36e38-amount\"\n                           type=\"number\"\n                           min=\"1000\"\n                           max=\"500000\"\n                           step=\"500\"\n                           value=\"75000\"\n                           aria-label=\"Credit amount (NOK)\"\n                           class=\"loan-amount-input\">\n                    <span>NOK<\/span>\n                <\/div>\n            <\/div>\n\n            <p class=\"loan-sub\">Interest-free repayment up to 12 months via Resurs Bank. Choose your repayment period:<\/p>\n\n            <div class=\"loan-plans\" role=\"radiogroup\" aria-label=\"Repayment period\">\n                                <label class=\"loan-chip\" data-plan=\"1\" data-type=\"rentefri\" data-active=\"true\">\n                    <input type=\"radio\" name=\"plan-gmekka-loan-8d36e38\" checked>\n                    1 mo <small>(interest-free)<\/small>\n                <\/label>\n                                <label class=\"loan-chip\" data-plan=\"3\" data-type=\"rentefri\" data-active=\"false\">\n                    <input type=\"radio\" name=\"plan-gmekka-loan-8d36e38\" >\n                    3 mo <small>(interest-free)<\/small>\n                <\/label>\n                                <label class=\"loan-chip\" data-plan=\"6\" data-type=\"rentefri\" data-active=\"false\">\n                    <input type=\"radio\" name=\"plan-gmekka-loan-8d36e38\" >\n                    6 mo <small>(interest-free)<\/small>\n                <\/label>\n                                <label class=\"loan-chip\" data-plan=\"12\" data-type=\"rentefri\" data-active=\"false\">\n                    <input type=\"radio\" name=\"plan-gmekka-loan-8d36e38\" >\n                    12 mo <small>(interest-free)<\/small>\n                <\/label>\n                \n                                <span class=\"loan-toggle\">\n                    <input id=\"gmekka-loan-8d36e38-showLong\" type=\"checkbox\" class=\"show-long-toggle\">\n                    <label for=\"gmekka-loan-8d36e38-showLong\">Show 24\/36 months (with interest)<\/label>\n                <\/span>\n\n                                <label class=\"loan-chip loan-chip-rente\" data-plan=\"24\" data-type=\"rente\" data-active=\"false\" style=\"display: none;\">\n                    <input type=\"radio\" name=\"plan-gmekka-loan-8d36e38\">\n                    24 mo                <\/label>\n                                <label class=\"loan-chip loan-chip-rente\" data-plan=\"36\" data-type=\"rente\" data-active=\"false\" style=\"display: none;\">\n                    <input type=\"radio\" name=\"plan-gmekka-loan-8d36e38\">\n                    36 mo                <\/label>\n                                            <\/div>\n\n            <div class=\"loan-result\">\n                <div class=\"stat\">\n                    <small>Monthly payment*<\/small>\n                    <strong class=\"out-month\">0 NOK<\/strong>\n                <\/div>\n                <div class=\"stat\">\n                    <small>Total to pay<\/small>\n                    <strong class=\"out-total\">0 NOK<\/strong>\n                <\/div>\n            <\/div>\n\n            <table class=\"loan-table\" aria-label=\"Details\">\n                <thead>\n                    <tr><th>Detail<\/th><th>Amount<\/th><\/tr>\n                <\/thead>\n                <tbody class=\"loan-details\"><\/tbody>\n            <\/table>\n\n            <p class=\"loan-note loan-fee-note\" style=\"display: none;\"><\/p>\n            <p class=\"loan-note\">Numbers are indicative. Final terms are set by Resurs Bank.<\/p>\n        <\/div>\n\n        <script>\n        (function() {\n            const config = {\"fees\":{\"rentefri\":{\"1\":{\"est\":0,\"adm\":0},\"3\":{\"est\":199,\"adm\":49},\"6\":{\"est\":299,\"adm\":49},\"12\":{\"est\":499,\"adm\":49}},\"rente\":{\"24\":{\"est\":499,\"adm\":49,\"rateYear\":0.099},\"36\":{\"est\":499,\"adm\":49,\"rateYear\":0.099}}},\"feeStartMonth\":3,\"defaultAmount\":75000,\"minAmount\":1000,\"maxAmount\":500000,\"stepAmount\":500,\"locale\":\"en-US\",\"uiLabels\":{\"widget_title\":\"Loan calculator\",\"amount_label\":\"Amount\",\"amount_aria_label\":\"Credit amount (NOK)\",\"repayment_aria_label\":\"Repayment period\",\"month_abbr\":\"mo\",\"interest_free_label\":\"(interest-free)\",\"details_table_aria_label\":\"Details\",\"details_header_detail\":\"Detail\",\"details_header_amount\":\"Amount\",\"details_row_period\":\"Repayment period\",\"details_row_credit_amount\":\"Credit amount\",\"details_row_setup_fee\":\"Setup fee (one-time)\",\"details_row_admin_fee\":\"Admin fee \\\/ month\",\"details_row_interest\":\"Interest\",\"fee_note_setup\":\"Setup fee %s NOK (one-time)\",\"fee_note_admin\":\"Admin fee %s NOK\\\/month applies from month %d\",\"currency_suffix\":\"NOK\",\"rate_zero\":\"0.00%\",\"rate_nominal_suffix\":\"(nominal)\",\"locale\":\"en-US\"},\"labels\":{\"feeNote\":\"Admin fee %s NOK\\\/month applies from month 3\"}};\n            if (typeof window.GmekkaLoanCalculator === 'function') {\n                new window.GmekkaLoanCalculator('gmekka-loan-8d36e38', config);\n            } else {\n                document.addEventListener('DOMContentLoaded', function() {\n                    if (typeof window.GmekkaLoanCalculator === 'function') {\n                        new window.GmekkaLoanCalculator('gmekka-loan-8d36e38', config);\n                    }\n                });\n            }\n        })();\n        <\/script>\n        \t\t\t\t<\/div>\n\t\t\t\t<\/div>\n\t\t\t\t<div class=\"elementor-element elementor-element-f35e20c elementor-widget elementor-widget-spacer\" data-id=\"f35e20c\" data-element_type=\"widget\" data-e-type=\"widget\" data-widget_type=\"spacer.default\">\n\t\t\t\t\t\t\t<div class=\"elementor-spacer\">\n\t\t\t<div class=\"elementor-spacer-inner\"><\/div>\n\t\t<\/div>\n\t\t\t\t\t\t<\/div>\n\t\t\t\t\t<\/div>\n\t\t\t\t<\/div>\n\t\t<div class=\"elementor-element elementor-element-88b0xqb e-flex e-con-boxed e-con e-parent\" data-id=\"88b0xqb\" data-element_type=\"container\" data-e-type=\"container\">\n\t\t\t\t\t<div class=\"e-con-inner\">\n\t\t\t\t<div class=\"elementor-element elementor-element-hr1zzez elementor-widget elementor-widget-heading\" data-id=\"hr1zzez\" data-element_type=\"widget\" data-e-type=\"widget\" data-widget_type=\"heading.default\">\n\t\t\t\t\t<h2 class=\"elementor-heading-title elementor-size-default\">Betalingsbetingelser<\/h2>\t\t\t\t<\/div>\n\t\t\t\t<div class=\"elementor-element elementor-element-nupioy5 elementor-widget elementor-widget-text-editor\" data-id=\"nupioy5\" data-element_type=\"widget\" data-e-type=\"widget\" data-widget_type=\"text-editor.default\">\n\t\t\t\t\t\t\t\t\t<p>En konto med tilbakebetalingsmuligheter fra 1 til 12 m\u00e5neder uten nominell rente eller opptil 36 m\u00e5neder med rente.<\/p><p><strong>Kredittgrense:<\/strong> 100 000 kr<br><strong>Forbrukeren velger betalingsalternativ m\u00e5neden etter kj\u00f8pet.<\/strong><\/p>\t\t\t\t\t\t\t\t<\/div>\n\t\t\t\t<div class=\"elementor-element elementor-element-aqib7gk elementor-widget elementor-widget-spacer\" data-id=\"aqib7gk\" data-element_type=\"widget\" data-e-type=\"widget\" data-widget_type=\"spacer.default\">\n\t\t\t\t\t\t\t<div class=\"elementor-spacer\">\n\t\t\t<div class=\"elementor-spacer-inner\"><\/div>\n\t\t<\/div>\n\t\t\t\t\t\t<\/div>\n\t\t\t\t<div class=\"elementor-element elementor-element-tjnsqhj elementor-widget elementor-widget-text-editor\" data-id=\"tjnsqhj\" data-element_type=\"widget\" data-e-type=\"widget\" data-widget_type=\"text-editor.default\">\n\t\t\t\t\t\t\t\t\t<table style=\"width:100%; border-collapse:collapse; text-align:center;\">\n<thead>\n<tr style=\"background:#e6f7f8;\">\n<th style=\"padding:12px; border:1px solid #e0e0e0;\">M\u00e5neder<\/th>\n<th style=\"padding:12px; border:1px solid #e0e0e0;\">30-60 dgr.<\/th>\n<th style=\"padding:12px; border:1px solid #e0e0e0;\">3<\/th>\n<th style=\"padding:12px; border:1px solid #e0e0e0;\">6<\/th>\n<th style=\"padding:12px; border:1px solid #e0e0e0;\">12<\/th>\n<th style=\"padding:12px; border:1px solid #e0e0e0;\">24<\/th>\n<th style=\"padding:12px; border:1px solid #e0e0e0;\">36<\/th>\n<\/tr>\n<\/thead>\n<tbody>\n<tr>\n<td style=\"padding:12px; border:1px solid #e0e0e0; font-weight:bold; color:#009FA4;\">Nominell rente<\/td>\n<td style=\"padding:12px; border:1px solid #e0e0e0;\">0 %<\/td>\n<td style=\"padding:12px; border:1px solid #e0e0e0;\">0 %<\/td>\n<td style=\"padding:12px; border:1px solid #e0e0e0;\">0 %<\/td>\n<td style=\"padding:12px; border:1px solid #e0e0e0;\">0 %<\/td>\n<td style=\"padding:12px; border:1px solid #e0e0e0;\">9,90 %<\/td>\n<td style=\"padding:12px; border:1px solid #e0e0e0;\">9,90 %<\/td>\n<\/tr>\n<tr style=\"background:#f8f9fa;\">\n<td style=\"padding:12px; border:1px solid #e0e0e0; font-weight:bold; color:#009FA4;\">Etabl.gebyr<\/td>\n<td style=\"padding:12px; border:1px solid #e0e0e0;\">0 kr<\/td>\n<td style=\"padding:12px; border:1px solid #e0e0e0;\">199 kr<\/td>\n<td style=\"padding:12px; border:1px solid #e0e0e0;\">299 kr<\/td>\n<td style=\"padding:12px; border:1px solid #e0e0e0;\">499 kr<\/td>\n<td style=\"padding:12px; border:1px solid #e0e0e0;\">499 kr<\/td>\n<td style=\"padding:12px; border:1px solid #e0e0e0;\">499 kr<\/td>\n<\/tr>\n<tr>\n<td style=\"padding:12px; border:1px solid #e0e0e0; font-weight:bold; color:#009FA4;\">Adm.gebyr\/md.<\/td>\n<td style=\"padding:12px; border:1px solid #e0e0e0;\">0 kr<\/td>\n<td style=\"padding:12px; border:1px solid #e0e0e0;\">49 kr<\/td>\n<td style=\"padding:12px; border:1px solid #e0e0e0;\">49 kr<\/td>\n<td style=\"padding:12px; border:1px solid #e0e0e0;\">49 kr<\/td>\n<td style=\"padding:12px; border:1px solid #e0e0e0;\">49 kr<\/td>\n<td style=\"padding:12px; border:1px solid #e0e0e0;\">49 kr<\/td>\n<\/tr>\n<\/tbody>\n<\/table>\t\t\t\t\t\t\t\t<\/div>\n\t\t\t\t<div class=\"elementor-element elementor-element-wjz442o elementor-widget elementor-widget-spacer\" data-id=\"wjz442o\" data-element_type=\"widget\" data-e-type=\"widget\" data-widget_type=\"spacer.default\">\n\t\t\t\t\t\t\t<div class=\"elementor-spacer\">\n\t\t\t<div class=\"elementor-spacer-inner\"><\/div>\n\t\t<\/div>\n\t\t\t\t\t\t<\/div>\n\t\t\t\t<div class=\"elementor-element elementor-element-poclq2m elementor-widget elementor-widget-text-editor\" data-id=\"poclq2m\" data-element_type=\"widget\" data-e-type=\"widget\" data-widget_type=\"text-editor.default\">\n\t\t\t\t\t\t\t\t\t<p style='color:#666; font-size:14px;'><strong>OBS!<\/strong> For m\u00e5nedersalternativene med rente beregnes rentes rente. Renter tillegges hovedstolen m\u00e5nedlig. For kredittsaldo opptil 1 000 kr er m\u00e5nedlig administrasjonsgebyr 0 kr for alle betalingsmuligheter. Bel\u00f8psgrense for kj\u00f8p som delbetales er 500 kr.<\/p>\t\t\t\t\t\t\t\t<\/div>\n\t\t\t\t\t<\/div>\n\t\t\t\t<\/div>\n\t\t\t\t<\/div>\n\t\t","protected":false},"excerpt":{"rendered":"<p>Vi tilbyr rentefri nedbetaling p\u00e5 opptil 12 mnd via Resurs bank. Kontakt oss for et uforpliktende finansieringstilbud. L\u00e5nekalkulator Bel\u00f8p kr Rentefri nedbetaling opptil 12 mnd via Resurs Bank. Velg nedbetalingstid: 1 mnd (rentefri) 3 mnd (rentefri) 6 mnd (rentefri) 12 mnd (rentefri) Vis 24\/36 mnd (med rente) 24 mnd 36 mnd M\u00e5nedsbel\u00f8p* 0 kr Totalt [&hellip;]<\/p>\n","protected":false},"author":14,"featured_media":0,"parent":0,"menu_order":0,"comment_status":"closed","ping_status":"closed","template":"","meta":{"footnotes":""},"class_list":["post-37942","page","type-page","status-publish","hentry"],"yoast_head":"<!-- This site is optimized with the Yoast SEO Premium plugin v18.4 (Yoast SEO v27.5) - https:\/\/yoast.com\/product\/yoast-seo-premium-wordpress\/ -->\n<title>Financing - Garderobemekka<\/title>\n<meta name=\"robots\" content=\"index, follow, max-snippet:-1, max-image-preview:large, max-video-preview:-1\" \/>\n<link rel=\"canonical\" href=\"https:\/\/garderobemekka.no\/en\/financing\/\" \/>\n<meta property=\"og:locale\" content=\"en_US\" \/>\n<meta property=\"og:type\" content=\"article\" \/>\n<meta property=\"og:title\" content=\"Financing\" \/>\n<meta property=\"og:description\" content=\"Vi tilbyr rentefri nedbetaling p\u00e5 opptil 12 mnd via Resurs bank. Kontakt oss for et uforpliktende finansieringstilbud. L\u00e5nekalkulator Bel\u00f8p kr Rentefri nedbetaling opptil 12 mnd via Resurs Bank. Velg nedbetalingstid: 1 mnd (rentefri) 3 mnd (rentefri) 6 mnd (rentefri) 12 mnd (rentefri) Vis 24\/36 mnd (med rente) 24 mnd 36 mnd M\u00e5nedsbel\u00f8p* 0 kr Totalt [&hellip;]\" \/>\n<meta property=\"og:url\" content=\"https:\/\/garderobemekka.no\/en\/financing\/\" \/>\n<meta property=\"og:site_name\" content=\"Garderobemekka\" \/>\n<meta property=\"article:publisher\" content=\"https:\/\/www.facebook.com\/garderobemekka\" \/>\n<meta property=\"article:modified_time\" content=\"2026-05-06T17:44:29+00:00\" \/>\n<meta name=\"twitter:card\" content=\"summary_large_image\" \/>\n<meta name=\"twitter:label1\" content=\"Est. reading time\" \/>\n\t<meta name=\"twitter:data1\" content=\"1 minute\" \/>\n<script type=\"application\/ld+json\" class=\"yoast-schema-graph\">{\"@context\":\"https:\\\/\\\/schema.org\",\"@graph\":[{\"@type\":\"WebPage\",\"@id\":\"https:\\\/\\\/garderobemekka.no\\\/en\\\/financing\\\/\",\"url\":\"https:\\\/\\\/garderobemekka.no\\\/en\\\/financing\\\/\",\"name\":\"Financing - Garderobemekka\",\"isPartOf\":{\"@id\":\"https:\\\/\\\/garderobemekka.no\\\/en\\\/#website\"},\"datePublished\":\"2025-12-10T15:03:02+00:00\",\"dateModified\":\"2026-05-06T17:44:29+00:00\",\"breadcrumb\":{\"@id\":\"https:\\\/\\\/garderobemekka.no\\\/en\\\/financing\\\/#breadcrumb\"},\"inLanguage\":\"en-US\",\"potentialAction\":[{\"@type\":\"ReadAction\",\"target\":[\"https:\\\/\\\/garderobemekka.no\\\/en\\\/financing\\\/\"]}]},{\"@type\":\"BreadcrumbList\",\"@id\":\"https:\\\/\\\/garderobemekka.no\\\/en\\\/financing\\\/#breadcrumb\",\"itemListElement\":[{\"@type\":\"ListItem\",\"position\":1,\"name\":\"Hjem\",\"item\":\"https:\\\/\\\/garderobemekka.no\\\/en\\\/home-page\\\/\"},{\"@type\":\"ListItem\",\"position\":2,\"name\":\"Financing\"}]},{\"@type\":\"WebSite\",\"@id\":\"https:\\\/\\\/garderobemekka.no\\\/en\\\/#website\",\"url\":\"https:\\\/\\\/garderobemekka.no\\\/en\\\/\",\"name\":\"Garderobemekka\",\"description\":\"When quality is a given\",\"publisher\":{\"@id\":\"https:\\\/\\\/garderobemekka.no\\\/en\\\/#organization\"},\"potentialAction\":[{\"@type\":\"SearchAction\",\"target\":{\"@type\":\"EntryPoint\",\"urlTemplate\":\"https:\\\/\\\/garderobemekka.no\\\/en\\\/?s={search_term_string}\"},\"query-input\":{\"@type\":\"PropertyValueSpecification\",\"valueRequired\":true,\"valueName\":\"search_term_string\"}}],\"inLanguage\":\"en-US\"},{\"@type\":\"Organization\",\"@id\":\"https:\\\/\\\/garderobemekka.no\\\/en\\\/#organization\",\"name\":\"Garderobemekka AS\",\"url\":\"https:\\\/\\\/garderobemekka.no\\\/en\\\/\",\"logo\":{\"@type\":\"ImageObject\",\"inLanguage\":\"en-US\",\"@id\":\"https:\\\/\\\/garderobemekka.no\\\/en\\\/#\\\/schema\\\/logo\\\/image\\\/\",\"url\":\"https:\\\/\\\/garderobemekka.no\\\/wp-content\\\/uploads\\\/2020\\\/05\\\/logo-garderobemekka.png\",\"contentUrl\":\"https:\\\/\\\/garderobemekka.no\\\/wp-content\\\/uploads\\\/2020\\\/05\\\/logo-garderobemekka.png\",\"width\":400,\"height\":30,\"caption\":\"Garderobemekka AS\"},\"image\":{\"@id\":\"https:\\\/\\\/garderobemekka.no\\\/en\\\/#\\\/schema\\\/logo\\\/image\\\/\"},\"sameAs\":[\"https:\\\/\\\/www.facebook.com\\\/garderobemekka\",\"https:\\\/\\\/www.instagram.com\\\/garderobemekka\\\/\"]}]}<\/script>\n<!-- \/ Yoast SEO Premium plugin. -->","yoast_head_json":{"title":"Financing - Garderobemekka","robots":{"index":"index","follow":"follow","max-snippet":"max-snippet:-1","max-image-preview":"max-image-preview:large","max-video-preview":"max-video-preview:-1"},"canonical":"https:\/\/garderobemekka.no\/en\/financing\/","og_locale":"en_US","og_type":"article","og_title":"Financing","og_description":"Vi tilbyr rentefri nedbetaling p\u00e5 opptil 12 mnd via Resurs bank. Kontakt oss for et uforpliktende finansieringstilbud. L\u00e5nekalkulator Bel\u00f8p kr Rentefri nedbetaling opptil 12 mnd via Resurs Bank. Velg nedbetalingstid: 1 mnd (rentefri) 3 mnd (rentefri) 6 mnd (rentefri) 12 mnd (rentefri) Vis 24\/36 mnd (med rente) 24 mnd 36 mnd M\u00e5nedsbel\u00f8p* 0 kr Totalt [&hellip;]","og_url":"https:\/\/garderobemekka.no\/en\/financing\/","og_site_name":"Garderobemekka","article_publisher":"https:\/\/www.facebook.com\/garderobemekka","article_modified_time":"2026-05-06T17:44:29+00:00","twitter_card":"summary_large_image","twitter_misc":{"Est. reading time":"1 minute"},"schema":{"@context":"https:\/\/schema.org","@graph":[{"@type":"WebPage","@id":"https:\/\/garderobemekka.no\/en\/financing\/","url":"https:\/\/garderobemekka.no\/en\/financing\/","name":"Financing - Garderobemekka","isPartOf":{"@id":"https:\/\/garderobemekka.no\/en\/#website"},"datePublished":"2025-12-10T15:03:02+00:00","dateModified":"2026-05-06T17:44:29+00:00","breadcrumb":{"@id":"https:\/\/garderobemekka.no\/en\/financing\/#breadcrumb"},"inLanguage":"en-US","potentialAction":[{"@type":"ReadAction","target":["https:\/\/garderobemekka.no\/en\/financing\/"]}]},{"@type":"BreadcrumbList","@id":"https:\/\/garderobemekka.no\/en\/financing\/#breadcrumb","itemListElement":[{"@type":"ListItem","position":1,"name":"Hjem","item":"https:\/\/garderobemekka.no\/en\/home-page\/"},{"@type":"ListItem","position":2,"name":"Financing"}]},{"@type":"WebSite","@id":"https:\/\/garderobemekka.no\/en\/#website","url":"https:\/\/garderobemekka.no\/en\/","name":"Garderobemekka","description":"When quality is a given","publisher":{"@id":"https:\/\/garderobemekka.no\/en\/#organization"},"potentialAction":[{"@type":"SearchAction","target":{"@type":"EntryPoint","urlTemplate":"https:\/\/garderobemekka.no\/en\/?s={search_term_string}"},"query-input":{"@type":"PropertyValueSpecification","valueRequired":true,"valueName":"search_term_string"}}],"inLanguage":"en-US"},{"@type":"Organization","@id":"https:\/\/garderobemekka.no\/en\/#organization","name":"Garderobemekka AS","url":"https:\/\/garderobemekka.no\/en\/","logo":{"@type":"ImageObject","inLanguage":"en-US","@id":"https:\/\/garderobemekka.no\/en\/#\/schema\/logo\/image\/","url":"https:\/\/garderobemekka.no\/wp-content\/uploads\/2020\/05\/logo-garderobemekka.png","contentUrl":"https:\/\/garderobemekka.no\/wp-content\/uploads\/2020\/05\/logo-garderobemekka.png","width":400,"height":30,"caption":"Garderobemekka AS"},"image":{"@id":"https:\/\/garderobemekka.no\/en\/#\/schema\/logo\/image\/"},"sameAs":["https:\/\/www.facebook.com\/garderobemekka","https:\/\/www.instagram.com\/garderobemekka\/"]}]}},"_links":{"self":[{"href":"https:\/\/garderobemekka.no\/en\/wp-json\/wp\/v2\/pages\/37942","targetHints":{"allow":["GET"]}}],"collection":[{"href":"https:\/\/garderobemekka.no\/en\/wp-json\/wp\/v2\/pages"}],"about":[{"href":"https:\/\/garderobemekka.no\/en\/wp-json\/wp\/v2\/types\/page"}],"author":[{"embeddable":true,"href":"https:\/\/garderobemekka.no\/en\/wp-json\/wp\/v2\/users\/14"}],"replies":[{"embeddable":true,"href":"https:\/\/garderobemekka.no\/en\/wp-json\/wp\/v2\/comments?post=37942"}],"version-history":[{"count":33,"href":"https:\/\/garderobemekka.no\/en\/wp-json\/wp\/v2\/pages\/37942\/revisions"}],"predecessor-version":[{"id":39690,"href":"https:\/\/garderobemekka.no\/en\/wp-json\/wp\/v2\/pages\/37942\/revisions\/39690"}],"wp:attachment":[{"href":"https:\/\/garderobemekka.no\/en\/wp-json\/wp\/v2\/media?parent=37942"}],"curies":[{"name":"wp","href":"https:\/\/api.w.org\/{rel}","templated":true}]}}