{"id":31113,"date":"2020-05-28T13:46:31","date_gmt":"2020-05-28T13:46:31","guid":{"rendered":"https:\/\/garderobemekka.no\/how-to-set-the-right-goals\/"},"modified":"2026-05-05T23:12:38","modified_gmt":"2026-05-05T23:12:38","slug":"how-to-set-the-right-measures","status":"publish","type":"page","link":"https:\/\/garderobemekka.no\/en\/how-to-set-the-right-measures\/","title":{"rendered":"How to measure correctly"},"content":{"rendered":"\t\t<div data-elementor-type=\"wp-page\" data-elementor-id=\"31113\" class=\"elementor elementor-31113 elementor-10624\" data-elementor-post-type=\"page\">\n\t\t\t\t<div class=\"elementor-element elementor-element-main-container e-flex e-con-boxed e-con e-parent\" data-id=\"main-container\" data-element_type=\"container\" data-e-type=\"container\">\n\t\t\t\t\t<div class=\"e-con-inner\">\n\t\t\t\t<div class=\"elementor-element elementor-element-heading-1 elementor-widget elementor-widget-heading\" data-id=\"heading-1\" data-element_type=\"widget\" data-e-type=\"widget\" data-widget_type=\"heading.default\">\n\t\t\t\t\t<h1 class=\"elementor-heading-title elementor-size-default\">HOW TO MEASURE CORRECTLY<\/h1>\t\t\t\t<\/div>\n\t\t\t\t<div class=\"elementor-element elementor-element-intro-text elementor-widget elementor-widget-text-editor\" data-id=\"intro-text\" data-element_type=\"widget\" data-e-type=\"widget\" data-widget_type=\"text-editor.default\">\n\t\t\t\t\t\t\t\t\t<p>Measuring the room where the wardrobe will be installed is not difficult, but it is very important to take accurate measurements. Be careful, because your measurements are the starting point for Garderobemekka&#8217;s planning and drawings.<\/p><p>If you are unsure about measuring, <a href=\"https:\/\/garderobemekka.no\/en\/request-a-quote\/\">request a quote<\/a> based on your own approximate measurements first. We can then come and check the measurements afterwards if you want. You can also <a href=\"https:\/\/garderobemekka.no\/wp-content\/uploads\/2021\/03\/Garderobemekka_hvordan_ta_riktige_maal_2021.pdf\" target=\"_blank\" rel=\"noopener\">enter your measurements here<\/a>, save the file and send it to <a href=\"mailto:salg@garderobemekka.no\">salg@garderobemekka.no<\/a>.<\/p>\t\t\t\t\t\t\t\t<\/div>\n\t\t\t\t<div class=\"elementor-element elementor-element-heading-2 elementor-widget elementor-widget-heading\" data-id=\"heading-2\" data-element_type=\"widget\" data-e-type=\"widget\" data-widget_type=\"heading.default\">\n\t\t\t\t\t<h2 class=\"elementor-heading-title elementor-size-default\">HOW TO MEASURE THE SPACE FOR YOUR SLIDING DOOR WARDROBE<\/h2>\t\t\t\t<\/div>\n\t\t\t\t<div class=\"elementor-element elementor-element-main-instructions elementor-widget elementor-widget-text-editor\" data-id=\"main-instructions\" data-element_type=\"widget\" data-e-type=\"widget\" data-widget_type=\"text-editor.default\">\n\t\t\t\t\t\t\t\t\t<p>Measure the clear opening, meaning the internal dimensions where the wardrobe will stand. Take the measurements where the sliding doors will be, not at the back wall, as shown in the drawings below.<\/p><p>Measure the height, width and depth of the clear opening. Take measurements in several places so you can detect any uneven floors or ceilings before they create problems during installation.<\/p><p>If there are obstacles in the room, such as sockets, switches, cables, access hatches, window frames and similar items, measure the distance to these as well. This helps avoid unexpected problems when the wardrobe is installed.<\/p>\t\t\t\t\t\t\t\t<\/div>\n\t\t\t\t\t<\/div>\n\t\t\t\t<\/div>\n\t\t\t\t<section class=\"elementor-section elementor-top-section elementor-element elementor-element-height-section elementor-section-boxed elementor-section-height-default elementor-section-height-default\" data-id=\"height-section\" data-element_type=\"section\" data-e-type=\"section\">\n\t\t\t\t\t\t<div class=\"elementor-container elementor-column-gap-extended\">\n\t\t\t\t\t<div class=\"elementor-column elementor-col-33 elementor-top-column elementor-element elementor-element-height-col-text\" data-id=\"height-col-text\" data-element_type=\"column\" data-e-type=\"column\">\n\t\t\t<div class=\"elementor-widget-wrap elementor-element-populated\">\n\t\t\t\t\t\t<div class=\"elementor-element elementor-element-h-title elementor-widget elementor-widget-heading\" data-id=\"h-title\" data-element_type=\"widget\" data-e-type=\"widget\" data-widget_type=\"heading.default\">\n\t\t\t\t\t<h4 class=\"elementor-heading-title elementor-size-default\">1. MEASURE THE ROOM HEIGHT<\/h4>\t\t\t\t<\/div>\n\t\t\t\t<div class=\"elementor-element elementor-element-h-text elementor-widget elementor-widget-text-editor\" data-id=\"h-text\" data-element_type=\"widget\" data-e-type=\"widget\" data-widget_type=\"text-editor.default\">\n\t\t\t\t\t\t\t\t\t<p>Measure the height from floor to ceiling in several places: on the left side, in the middle and on the right side, as shown in the drawing. Remember to measure where the sliding doors will be, not at the back wall. All measurements should be given in millimetres.<\/p><p>Small differences are completely normal. They are easy to adjust when the wardrobe is installed.<\/p>\t\t\t\t\t\t\t\t<\/div>\n\t\t\t\t\t<\/div>\n\t\t<\/div>\n\t\t\t\t<div class=\"elementor-column elementor-col-67 elementor-top-column elementor-element elementor-element-height-col-img\" data-id=\"height-col-img\" data-element_type=\"column\" data-e-type=\"column\">\n\t\t\t<div class=\"elementor-widget-wrap elementor-element-populated\">\n\t\t\t\t\t\t<div class=\"elementor-element elementor-element-h-img elementor-widget elementor-widget-image\" data-id=\"h-img\" data-element_type=\"widget\" data-e-type=\"widget\" data-widget_type=\"image.default\">\n\t\t\t\t\t\t\t\t\t\t\t\t\t\t\t<img decoding=\"async\" src=\"https:\/\/garderobemekka.no\/wp-content\/uploads\/2020\/06\/Ta-riktige-m%C3%A5l_H%C3%B8yde_N-e1591174413372.png\" title=\"\" alt=\"\" loading=\"lazy\" \/>\t\t\t\t\t\t\t\t\t\t\t\t\t\t\t<\/div>\n\t\t\t\t\t<\/div>\n\t\t<\/div>\n\t\t\t\t\t<\/div>\n\t\t<\/section>\n\t\t\t\t<section class=\"elementor-section elementor-top-section elementor-element elementor-element-width-section elementor-section-boxed elementor-section-height-default elementor-section-height-default\" data-id=\"width-section\" data-element_type=\"section\" data-e-type=\"section\">\n\t\t\t\t\t\t<div class=\"elementor-container elementor-column-gap-extended\">\n\t\t\t\t\t<div class=\"elementor-column elementor-col-33 elementor-top-column elementor-element elementor-element-width-col-text\" data-id=\"width-col-text\" data-element_type=\"column\" data-e-type=\"column\">\n\t\t\t<div class=\"elementor-widget-wrap elementor-element-populated\">\n\t\t\t\t\t\t<div class=\"elementor-element elementor-element-w-title elementor-widget elementor-widget-heading\" data-id=\"w-title\" data-element_type=\"widget\" data-e-type=\"widget\" data-widget_type=\"heading.default\">\n\t\t\t\t\t<h4 class=\"elementor-heading-title elementor-size-default\">2. MEASURE THE ROOM WIDTH<\/h4>\t\t\t\t<\/div>\n\t\t\t\t<div class=\"elementor-element elementor-element-w-text elementor-widget elementor-widget-text-editor\" data-id=\"w-text\" data-element_type=\"widget\" data-e-type=\"widget\" data-widget_type=\"text-editor.default\">\n\t\t\t\t\t\t\t\t\t<p>Measure from wall to wall in several places: at the top, in the middle and at the bottom, as shown in the drawing. Remember to measure from the wall itself, not between the mouldings in the room. All measurements should be given in millimetres.<\/p><p>It is normal for the measurements to vary slightly. This is easy to adjust when the wardrobe is installed.<\/p>\t\t\t\t\t\t\t\t<\/div>\n\t\t\t\t\t<\/div>\n\t\t<\/div>\n\t\t\t\t<div class=\"elementor-column elementor-col-67 elementor-top-column elementor-element elementor-element-width-col-img\" data-id=\"width-col-img\" data-element_type=\"column\" data-e-type=\"column\">\n\t\t\t<div class=\"elementor-widget-wrap elementor-element-populated\">\n\t\t\t\t\t\t<div class=\"elementor-element elementor-element-w-img elementor-widget elementor-widget-image\" data-id=\"w-img\" data-element_type=\"widget\" data-e-type=\"widget\" data-widget_type=\"image.default\">\n\t\t\t\t\t\t\t\t\t\t\t\t\t\t\t<img decoding=\"async\" src=\"https:\/\/garderobemekka.no\/wp-content\/uploads\/2020\/06\/Ta-riktige-m%C3%A5l_Bredde_N-e1591174381186.png\" title=\"\" alt=\"\" loading=\"lazy\" \/>\t\t\t\t\t\t\t\t\t\t\t\t\t\t\t<\/div>\n\t\t\t\t\t<\/div>\n\t\t<\/div>\n\t\t\t\t\t<\/div>\n\t\t<\/section>\n\t\t<div class=\"elementor-element elementor-element-fae3236 e-flex e-con-boxed e-con e-parent\" data-id=\"fae3236\" data-element_type=\"container\" data-e-type=\"container\">\n\t\t\t\t\t<div class=\"e-con-inner\">\n\t\t<div class=\"elementor-element elementor-element-53a2c29 e-con-full e-flex e-con e-child\" data-id=\"53a2c29\" data-element_type=\"container\" data-e-type=\"container\">\n\t\t\t\t<div class=\"elementor-element elementor-element-9c785e6 elementor-widget elementor-widget-heading\" data-id=\"9c785e6\" data-element_type=\"widget\" data-e-type=\"widget\" data-widget_type=\"heading.default\">\n\t\t\t\t\t<h4 class=\"elementor-heading-title elementor-size-default\">3. MEASURE THE DEPTH<\/h4>\t\t\t\t<\/div>\n\t\t\t\t<div class=\"elementor-element elementor-element-bed80ae elementor-widget elementor-widget-text-editor\" data-id=\"bed80ae\" data-element_type=\"widget\" data-e-type=\"widget\" data-widget_type=\"text-editor.default\">\n\t\t\t\t\t\t\t\t\t<p>Measure the distance from the back wall to the rear edge where the sliding doors will be installed (minimum 600 mm into the room). Take measurements in several places: on the left side, in the middle and on the right side, as shown in the drawing. Remember to measure from the wall and not from the skirting board. All measurements should be given in millimetres.<\/p><p>It is normal for the measurements to vary slightly. This is easy to adjust when the wardrobe is installed.<\/p>\t\t\t\t\t\t\t\t<\/div>\n\t\t\t\t<\/div>\n\t\t<div class=\"elementor-element elementor-element-f03de3a e-con-full e-flex e-con e-child\" data-id=\"f03de3a\" data-element_type=\"container\" data-e-type=\"container\">\n\t\t\t\t<div class=\"elementor-element elementor-element-8e44a78 elementor-widget elementor-widget-image\" data-id=\"8e44a78\" data-element_type=\"widget\" data-e-type=\"widget\" data-widget_type=\"image.default\">\n\t\t\t\t\t\t\t\t\t\t\t\t\t\t\t<img decoding=\"async\" src=\"https:\/\/garderobemekka.no\/wp-content\/uploads\/2020\/06\/Ta-riktige-m%C3%A5l_Dybde_N-e1591174395609.png\" title=\"\" alt=\"\" loading=\"lazy\" \/>\t\t\t\t\t\t\t\t\t\t\t\t\t\t\t<\/div>\n\t\t\t\t<\/div>\n\t\t\t\t\t<\/div>\n\t\t\t\t<\/div>\n\t\t<div class=\"elementor-element elementor-element-cta-section e-flex e-con-boxed e-con e-parent\" data-id=\"cta-section\" data-element_type=\"container\" data-e-type=\"container\" data-settings=\"{&quot;background_background&quot;:&quot;classic&quot;}\">\n\t\t\t\t\t<div class=\"e-con-inner\">\n\t\t\t\t<div class=\"elementor-element elementor-element-cta-h elementor-widget elementor-widget-heading\" data-id=\"cta-h\" data-element_type=\"widget\" data-e-type=\"widget\" data-widget_type=\"heading.default\">\n\t\t\t\t\t<h3 class=\"elementor-heading-title elementor-size-default\">Need help measuring?<\/h3>\t\t\t\t<\/div>\n\t\t\t\t<div class=\"elementor-element elementor-element-cta-sub elementor-widget elementor-widget-heading\" data-id=\"cta-sub\" data-element_type=\"widget\" data-e-type=\"widget\" data-widget_type=\"heading.default\">\n\t\t\t\t\t<h4 class=\"elementor-heading-title elementor-size-default\">We offer a free measurement check when needed<\/h4>\t\t\t\t<\/div>\n\t\t\t\t<div class=\"elementor-element elementor-element-cta-p elementor-widget elementor-widget-text-editor\" data-id=\"cta-p\" data-element_type=\"widget\" data-e-type=\"widget\" data-widget_type=\"text-editor.default\">\n\t\t\t\t\t\t\t\t\t<p style=\"text-align: center;\">If you are unsure about measuring, request a non-binding quote based on your own approximate measurements first. We can then come and check the measurements afterwards if you want.<\/p>\t\t\t\t\t\t\t\t<\/div>\n\t\t\t\t<div class=\"elementor-element elementor-element-cta-btn elementor-align-center elementor-widget elementor-widget-button\" data-id=\"cta-btn\" data-element_type=\"widget\" data-e-type=\"widget\" data-widget_type=\"button.default\">\n\t\t\t\t\t\t\t\t\t\t<a class=\"elementor-button elementor-button-link elementor-size-sm\" href=\"https:\/\/garderobemekka.no\/en\/request-a-quote\/\">\n\t\t\t\t\t\t<span class=\"elementor-button-content-wrapper\">\n\t\t\t\t\t\t\t\t\t<span class=\"elementor-button-text\">REQUEST A QUOTE<\/span>\n\t\t\t\t\t<\/span>\n\t\t\t\t\t<\/a>\n\t\t\t\t\t\t\t\t<\/div>\n\t\t\t\t\t<\/div>\n\t\t\t\t<\/div>\n\t\t\t\t<\/div>\n\t\t","protected":false},"excerpt":{"rendered":"","protected":false},"author":1,"featured_media":28597,"parent":0,"menu_order":0,"comment_status":"closed","ping_status":"closed","template":"","meta":{"footnotes":""},"class_list":["post-31113","page","type-page","status-publish","has-post-thumbnail","hentry"],"yoast_head":"<!-- This site is optimized with the Yoast SEO plugin v27.6 - https:\/\/yoast.com\/product\/yoast-seo-wordpress\/ -->\n<title>How to take the right measurements - sliding door wardrobe | Garderobemekka<\/title>\n<meta name=\"description\" content=\"Here&#039;s how you can measure the space for your sliding door wardrobe. Be careful, because your measurements will be the starting point for the planning and drawings from Garderobemekka.\" \/>\n<meta name=\"robots\" content=\"index, follow, max-snippet:-1, max-image-preview:large, max-video-preview:-1\" \/>\n<link rel=\"canonical\" href=\"https:\/\/garderobemekka.no\/en\/how-to-set-the-right-measures\/\" \/>\n<meta property=\"og:locale\" content=\"en_US\" \/>\n<meta property=\"og:type\" content=\"article\" \/>\n<meta property=\"og:title\" content=\"How to take the right measurements - sliding door wardrobe | Garderobemekka\" \/>\n<meta property=\"og:description\" content=\"Here&#039;s how you can measure the space for your sliding door wardrobe. Be careful, because your measurements will be the starting point for the planning and drawings from Garderobemekka.\" \/>\n<meta property=\"og:url\" content=\"https:\/\/garderobemekka.no\/en\/how-to-set-the-right-measures\/\" \/>\n<meta property=\"og:site_name\" content=\"Garderobemekka\" \/>\n<meta property=\"article:publisher\" content=\"https:\/\/www.facebook.com\/garderobemekka\" \/>\n<meta property=\"article:modified_time\" content=\"2026-05-05T23:12:38+00:00\" \/>\n<meta property=\"og:image\" content=\"https:\/\/garderobemekka.no\/wp-content\/uploads\/2020\/06\/Ta-riktige-m\u00e5l_H\u00f8yde_N-e1591174413372.png\" \/>\n\t<meta property=\"og:image:width\" content=\"768\" \/>\n\t<meta property=\"og:image:height\" content=\"509\" \/>\n\t<meta property=\"og:image:type\" content=\"image\/png\" \/>\n<meta name=\"twitter:card\" content=\"summary_large_image\" \/>\n<meta name=\"twitter:label1\" content=\"Est. reading time\" \/>\n\t<meta name=\"twitter:data1\" content=\"3 minutes\" \/>\n<script type=\"application\/ld+json\" class=\"yoast-schema-graph\">{\"@context\":\"https:\\\/\\\/schema.org\",\"@graph\":[{\"@type\":\"WebPage\",\"@id\":\"https:\\\/\\\/garderobemekka.no\\\/en\\\/how-to-set-the-right-measures\\\/\",\"url\":\"https:\\\/\\\/garderobemekka.no\\\/en\\\/how-to-set-the-right-measures\\\/\",\"name\":\"How to take the right measurements - sliding door wardrobe | Garderobemekka\",\"isPartOf\":{\"@id\":\"https:\\\/\\\/garderobemekka.no\\\/en\\\/#website\"},\"primaryImageOfPage\":{\"@id\":\"https:\\\/\\\/garderobemekka.no\\\/en\\\/how-to-set-the-right-measures\\\/#primaryimage\"},\"image\":{\"@id\":\"https:\\\/\\\/garderobemekka.no\\\/en\\\/how-to-set-the-right-measures\\\/#primaryimage\"},\"thumbnailUrl\":\"https:\\\/\\\/garderobemekka.no\\\/wp-content\\\/uploads\\\/2020\\\/06\\\/Ta-riktige-m\u00e5l_H\u00f8yde_N-e1591174413372.png\",\"datePublished\":\"2020-05-28T13:46:31+00:00\",\"dateModified\":\"2026-05-05T23:12:38+00:00\",\"description\":\"Here's how you can measure the space for your sliding door wardrobe. Be careful, because your measurements will be the starting point for the planning and drawings from Garderobemekka.\",\"breadcrumb\":{\"@id\":\"https:\\\/\\\/garderobemekka.no\\\/en\\\/how-to-set-the-right-measures\\\/#breadcrumb\"},\"inLanguage\":\"en-US\",\"potentialAction\":[{\"@type\":\"ReadAction\",\"target\":[\"https:\\\/\\\/garderobemekka.no\\\/en\\\/how-to-set-the-right-measures\\\/\"]}]},{\"@type\":\"ImageObject\",\"inLanguage\":\"en-US\",\"@id\":\"https:\\\/\\\/garderobemekka.no\\\/en\\\/how-to-set-the-right-measures\\\/#primaryimage\",\"url\":\"https:\\\/\\\/garderobemekka.no\\\/wp-content\\\/uploads\\\/2020\\\/06\\\/Ta-riktige-m\u00e5l_H\u00f8yde_N-e1591174413372.png\",\"contentUrl\":\"https:\\\/\\\/garderobemekka.no\\\/wp-content\\\/uploads\\\/2020\\\/06\\\/Ta-riktige-m\u00e5l_H\u00f8yde_N-e1591174413372.png\",\"width\":768,\"height\":509,\"caption\":\"Slik m\u00e5ler du opp garderegarderoben, h\u00f8yde\"},{\"@type\":\"BreadcrumbList\",\"@id\":\"https:\\\/\\\/garderobemekka.no\\\/en\\\/how-to-set-the-right-measures\\\/#breadcrumb\",\"itemListElement\":[{\"@type\":\"ListItem\",\"position\":1,\"name\":\"Hjem\",\"item\":\"https:\\\/\\\/garderobemekka.no\\\/en\\\/home-page\\\/\"},{\"@type\":\"ListItem\",\"position\":2,\"name\":\"How to measure correctly\"}]},{\"@type\":\"WebSite\",\"@id\":\"https:\\\/\\\/garderobemekka.no\\\/en\\\/#website\",\"url\":\"https:\\\/\\\/garderobemekka.no\\\/en\\\/\",\"name\":\"Garderobemekka\",\"description\":\"When quality is a given\",\"publisher\":{\"@id\":\"https:\\\/\\\/garderobemekka.no\\\/en\\\/#organization\"},\"potentialAction\":[{\"@type\":\"SearchAction\",\"target\":{\"@type\":\"EntryPoint\",\"urlTemplate\":\"https:\\\/\\\/garderobemekka.no\\\/en\\\/?s={search_term_string}\"},\"query-input\":{\"@type\":\"PropertyValueSpecification\",\"valueRequired\":true,\"valueName\":\"search_term_string\"}}],\"inLanguage\":\"en-US\"},{\"@type\":\"Organization\",\"@id\":\"https:\\\/\\\/garderobemekka.no\\\/en\\\/#organization\",\"name\":\"Garderobemekka AS\",\"url\":\"https:\\\/\\\/garderobemekka.no\\\/en\\\/\",\"logo\":{\"@type\":\"ImageObject\",\"inLanguage\":\"en-US\",\"@id\":\"https:\\\/\\\/garderobemekka.no\\\/en\\\/#\\\/schema\\\/logo\\\/image\\\/\",\"url\":\"https:\\\/\\\/garderobemekka.no\\\/wp-content\\\/uploads\\\/2020\\\/05\\\/logo-garderobemekka.png\",\"contentUrl\":\"https:\\\/\\\/garderobemekka.no\\\/wp-content\\\/uploads\\\/2020\\\/05\\\/logo-garderobemekka.png\",\"width\":400,\"height\":30,\"caption\":\"Garderobemekka AS\"},\"image\":{\"@id\":\"https:\\\/\\\/garderobemekka.no\\\/en\\\/#\\\/schema\\\/logo\\\/image\\\/\"},\"sameAs\":[\"https:\\\/\\\/www.facebook.com\\\/garderobemekka\",\"https:\\\/\\\/www.instagram.com\\\/garderobemekka\\\/\"]}]}<\/script>\n<!-- \/ Yoast SEO plugin. -->","yoast_head_json":{"title":"How to take the right measurements - sliding door wardrobe | Garderobemekka","description":"Here's how you can measure the space for your sliding door wardrobe. Be careful, because your measurements will be the starting point for the planning and drawings from Garderobemekka.","robots":{"index":"index","follow":"follow","max-snippet":"max-snippet:-1","max-image-preview":"max-image-preview:large","max-video-preview":"max-video-preview:-1"},"canonical":"https:\/\/garderobemekka.no\/en\/how-to-set-the-right-measures\/","og_locale":"en_US","og_type":"article","og_title":"How to take the right measurements - sliding door wardrobe | Garderobemekka","og_description":"Here's how you can measure the space for your sliding door wardrobe. Be careful, because your measurements will be the starting point for the planning and drawings from Garderobemekka.","og_url":"https:\/\/garderobemekka.no\/en\/how-to-set-the-right-measures\/","og_site_name":"Garderobemekka","article_publisher":"https:\/\/www.facebook.com\/garderobemekka","article_modified_time":"2026-05-05T23:12:38+00:00","og_image":[{"width":768,"height":509,"url":"https:\/\/garderobemekka.no\/wp-content\/uploads\/2020\/06\/Ta-riktige-m\u00e5l_H\u00f8yde_N-e1591174413372.png","type":"image\/png"}],"twitter_card":"summary_large_image","twitter_misc":{"Est. reading time":"3 minutes"},"schema":{"@context":"https:\/\/schema.org","@graph":[{"@type":"WebPage","@id":"https:\/\/garderobemekka.no\/en\/how-to-set-the-right-measures\/","url":"https:\/\/garderobemekka.no\/en\/how-to-set-the-right-measures\/","name":"How to take the right measurements - sliding door wardrobe | Garderobemekka","isPartOf":{"@id":"https:\/\/garderobemekka.no\/en\/#website"},"primaryImageOfPage":{"@id":"https:\/\/garderobemekka.no\/en\/how-to-set-the-right-measures\/#primaryimage"},"image":{"@id":"https:\/\/garderobemekka.no\/en\/how-to-set-the-right-measures\/#primaryimage"},"thumbnailUrl":"https:\/\/garderobemekka.no\/wp-content\/uploads\/2020\/06\/Ta-riktige-m\u00e5l_H\u00f8yde_N-e1591174413372.png","datePublished":"2020-05-28T13:46:31+00:00","dateModified":"2026-05-05T23:12:38+00:00","description":"Here's how you can measure the space for your sliding door wardrobe. Be careful, because your measurements will be the starting point for the planning and drawings from Garderobemekka.","breadcrumb":{"@id":"https:\/\/garderobemekka.no\/en\/how-to-set-the-right-measures\/#breadcrumb"},"inLanguage":"en-US","potentialAction":[{"@type":"ReadAction","target":["https:\/\/garderobemekka.no\/en\/how-to-set-the-right-measures\/"]}]},{"@type":"ImageObject","inLanguage":"en-US","@id":"https:\/\/garderobemekka.no\/en\/how-to-set-the-right-measures\/#primaryimage","url":"https:\/\/garderobemekka.no\/wp-content\/uploads\/2020\/06\/Ta-riktige-m\u00e5l_H\u00f8yde_N-e1591174413372.png","contentUrl":"https:\/\/garderobemekka.no\/wp-content\/uploads\/2020\/06\/Ta-riktige-m\u00e5l_H\u00f8yde_N-e1591174413372.png","width":768,"height":509,"caption":"Slik m\u00e5ler du opp garderegarderoben, h\u00f8yde"},{"@type":"BreadcrumbList","@id":"https:\/\/garderobemekka.no\/en\/how-to-set-the-right-measures\/#breadcrumb","itemListElement":[{"@type":"ListItem","position":1,"name":"Hjem","item":"https:\/\/garderobemekka.no\/en\/home-page\/"},{"@type":"ListItem","position":2,"name":"How to measure correctly"}]},{"@type":"WebSite","@id":"https:\/\/garderobemekka.no\/en\/#website","url":"https:\/\/garderobemekka.no\/en\/","name":"Garderobemekka","description":"When quality is a given","publisher":{"@id":"https:\/\/garderobemekka.no\/en\/#organization"},"potentialAction":[{"@type":"SearchAction","target":{"@type":"EntryPoint","urlTemplate":"https:\/\/garderobemekka.no\/en\/?s={search_term_string}"},"query-input":{"@type":"PropertyValueSpecification","valueRequired":true,"valueName":"search_term_string"}}],"inLanguage":"en-US"},{"@type":"Organization","@id":"https:\/\/garderobemekka.no\/en\/#organization","name":"Garderobemekka AS","url":"https:\/\/garderobemekka.no\/en\/","logo":{"@type":"ImageObject","inLanguage":"en-US","@id":"https:\/\/garderobemekka.no\/en\/#\/schema\/logo\/image\/","url":"https:\/\/garderobemekka.no\/wp-content\/uploads\/2020\/05\/logo-garderobemekka.png","contentUrl":"https:\/\/garderobemekka.no\/wp-content\/uploads\/2020\/05\/logo-garderobemekka.png","width":400,"height":30,"caption":"Garderobemekka AS"},"image":{"@id":"https:\/\/garderobemekka.no\/en\/#\/schema\/logo\/image\/"},"sameAs":["https:\/\/www.facebook.com\/garderobemekka","https:\/\/www.instagram.com\/garderobemekka\/"]}]}},"_links":{"self":[{"href":"https:\/\/garderobemekka.no\/en\/wp-json\/wp\/v2\/pages\/31113","targetHints":{"allow":["GET"]}}],"collection":[{"href":"https:\/\/garderobemekka.no\/en\/wp-json\/wp\/v2\/pages"}],"about":[{"href":"https:\/\/garderobemekka.no\/en\/wp-json\/wp\/v2\/types\/page"}],"author":[{"embeddable":true,"href":"https:\/\/garderobemekka.no\/en\/wp-json\/wp\/v2\/users\/1"}],"replies":[{"embeddable":true,"href":"https:\/\/garderobemekka.no\/en\/wp-json\/wp\/v2\/comments?post=31113"}],"version-history":[{"count":5,"href":"https:\/\/garderobemekka.no\/en\/wp-json\/wp\/v2\/pages\/31113\/revisions"}],"predecessor-version":[{"id":39397,"href":"https:\/\/garderobemekka.no\/en\/wp-json\/wp\/v2\/pages\/31113\/revisions\/39397"}],"wp:featuredmedia":[{"embeddable":true,"href":"https:\/\/garderobemekka.no\/en\/wp-json\/wp\/v2\/media\/28597"}],"wp:attachment":[{"href":"https:\/\/garderobemekka.no\/en\/wp-json\/wp\/v2\/media?parent=31113"}],"curies":[{"name":"wp","href":"https:\/\/api.w.org\/{rel}","templated":true}]}}