{"id":30951,"date":"2021-01-31T14:58:05","date_gmt":"2021-01-31T14:58:05","guid":{"rendered":"https:\/\/garderobemekka.no\/installation\/"},"modified":"2026-05-08T13:33:13","modified_gmt":"2026-05-08T13:33:13","slug":"installation","status":"publish","type":"page","link":"https:\/\/garderobemekka.no\/en\/installation\/","title":{"rendered":"Installation"},"content":{"rendered":"\t\t<div data-elementor-type=\"wp-page\" data-elementor-id=\"30951\" class=\"elementor elementor-30951 elementor-13491\" data-elementor-post-type=\"page\">\n\t\t\t\t<div class=\"elementor-element elementor-element-8a9438ff e-flex e-con-boxed e-con e-parent\" data-id=\"8a9438ff\" data-element_type=\"container\" data-e-type=\"container\" data-settings=\"{&quot;background_background&quot;:&quot;classic&quot;}\">\n\t\t\t\t\t<div class=\"e-con-inner\">\n\t\t<div class=\"elementor-element elementor-element-546185f5 e-con-full e-flex e-con e-child\" data-id=\"546185f5\" data-element_type=\"container\" data-e-type=\"container\">\n\t\t\t\t<div class=\"elementor-element elementor-element-6c453cf7 elementor-widget elementor-widget-heading\" data-id=\"6c453cf7\" data-element_type=\"widget\" data-e-type=\"widget\" data-widget_type=\"heading.default\">\n\t\t\t\t\t<h1 class=\"elementor-heading-title elementor-size-default\">Montering<\/h1>\t\t\t\t<\/div>\n\t\t\t\t<div class=\"elementor-element elementor-element-7496209d elementor-widget elementor-widget-spacer\" data-id=\"7496209d\" data-element_type=\"widget\" data-e-type=\"widget\" data-widget_type=\"spacer.default\">\n\t\t\t\t\t\t\t<div class=\"elementor-spacer\">\n\t\t\t<div class=\"elementor-spacer-inner\"><\/div>\n\t\t<\/div>\n\t\t\t\t\t\t<\/div>\n\t\t\t\t<div class=\"elementor-element elementor-element-281c60a7 elementor-widget elementor-widget-text-editor\" data-id=\"281c60a7\" data-element_type=\"widget\" data-e-type=\"widget\" data-widget_type=\"text-editor.default\">\n\t\t\t\t\t\t\t\t\t<p>Du bestemmer selv hvordan din nye skyved\u00f8rsgarderobe skal monteres og leveres: du kan hente den selv eller f\u00e5 den levert hjem, montere selv eller sette bort jobben til v\u00e5re erfarne mont\u00f8rer.<\/p>\t\t\t\t\t\t\t\t<\/div>\n\t\t\t\t<div class=\"elementor-element elementor-element-9c90ca39 elementor-widget elementor-widget-text-editor\" data-id=\"9c90ca39\" data-element_type=\"widget\" data-e-type=\"widget\" data-widget_type=\"text-editor.default\">\n\t\t\t\t\t\t\t\t\t<p>Jo mer av arbeidet du kan gj\u00f8re selv, desto billigere blir det selvf\u00f8lgelig. Men profesjonell montering kan v\u00e6re en spesielt god id\u00e9 hvis det er behov for mange tilpasninger, som skjeve vinkler, ujevne gulv, synlige r\u00f8r \u2013 eller andre forhold som kan gj\u00f8re oppsettingen av elementene vanskelig. V\u00e5re mont\u00f8rer er vant til \u00e5 l\u00f8se slike utfordringer, s\u00e5 utgiften til montering kan v\u00e6re vel verdt det.<\/p>\t\t\t\t\t\t\t\t<\/div>\n\t\t\t\t<div class=\"elementor-element elementor-element-f36a6296 elementor-widget elementor-widget-text-editor\" data-id=\"f36a6296\" data-element_type=\"widget\" data-e-type=\"widget\" data-widget_type=\"text-editor.default\">\n\t\t\t\t\t\t\t\t\t<p><a href=\"\/garderobe-inspirasjon\/blogg\/skyvedorsgarderobe-ferdig-montert\">Her kan du lese hvordan det gikk da blogger og garderobe-bruker Anette-Marie fikk ny skyved\u00f8rsgarderobe \u2013 ferdig montert.<\/a><\/p>\t\t\t\t\t\t\t\t<\/div>\n\t\t\t\t<div class=\"elementor-element elementor-element-788b5305 elementor-widget elementor-widget-spacer\" data-id=\"788b5305\" data-element_type=\"widget\" data-e-type=\"widget\" data-widget_type=\"spacer.default\">\n\t\t\t\t\t\t\t<div class=\"elementor-spacer\">\n\t\t\t<div class=\"elementor-spacer-inner\"><\/div>\n\t\t<\/div>\n\t\t\t\t\t\t<\/div>\n\t\t\t\t<\/div>\n\t\t<div class=\"elementor-element elementor-element-a0c30f4a e-con-full e-flex e-con e-child\" data-id=\"a0c30f4a\" data-element_type=\"container\" data-e-type=\"container\">\n\t\t\t\t<div class=\"elementor-element elementor-element-24fdfb7e elementor-widget elementor-widget-image\" data-id=\"24fdfb7e\" data-element_type=\"widget\" data-e-type=\"widget\" data-widget_type=\"image.default\">\n\t\t\t\t\t\t\t\t\t\t\t\t\t\t\t<img decoding=\"async\" src=\"https:\/\/garderobemekka.no\/wp-content\/uploads\/elementor\/thumbs\/monteringsanvisninger-pyisin1mgf2wv2bmwyp0s7ickbp35d1ofepsui7iso.png\" title=\"Ferdig montert garderobe | Garderobemekka AS\" alt=\"N\u00e5r skyved\u00f8rsgarderoben skal monteres, kan du enten gj\u00f8re det selv eller overlate hele jobben til oss. Vi har egne mont\u00f8rer med lang erfaring, dersom du \u00f8nsker hjelp til monteringen. Les mer p\u00e5 garderobemekka.no\" loading=\"lazy\" \/>\t\t\t\t\t\t\t\t\t\t\t\t\t\t\t<\/div>\n\t\t\t\t<div class=\"elementor-element elementor-element-ce978cee elementor-widget elementor-widget-spacer\" data-id=\"ce978cee\" data-element_type=\"widget\" data-e-type=\"widget\" data-widget_type=\"spacer.default\">\n\t\t\t\t\t\t\t<div class=\"elementor-spacer\">\n\t\t\t<div class=\"elementor-spacer-inner\"><\/div>\n\t\t<\/div>\n\t\t\t\t\t\t<\/div>\n\t\t\t\t<div class=\"elementor-element elementor-element-4c27c96b elementor-widget elementor-widget-heading\" data-id=\"4c27c96b\" data-element_type=\"widget\" data-e-type=\"widget\" data-widget_type=\"heading.default\">\n\t\t\t\t\t<h5 class=\"elementor-heading-title elementor-size-default\">Monteringsanvisninger<\/h5>\t\t\t\t<\/div>\n\t\t\t\t<div class=\"elementor-element elementor-element-07f8ffa6 elementor-widget elementor-widget-text-editor\" data-id=\"07f8ffa6\" data-element_type=\"widget\" data-e-type=\"widget\" data-widget_type=\"text-editor.default\">\n\t\t\t\t\t\t\t\t\t<p>Last ned v\u00e5re monteringsanvisninger her:<\/p>\t\t\t\t\t\t\t\t<\/div>\n\t\t\t\t<div class=\"elementor-element elementor-element-dec4d411 elementor-widget elementor-widget-text-editor\" data-id=\"dec4d411\" data-element_type=\"widget\" data-e-type=\"widget\" data-widget_type=\"text-editor.default\">\n\t\t\t\t\t\t\t\t\t<ul style=\"margin: 0 0 0 0; padding-left: 20px;\">\n \t<li><a href=\"\/wp-content\/uploads\/2025\/02\/Garderobemekka-premiuminnr-korr5.pdf\" target=\"_blank\" rel=\"noopener\">Premium innredning og innredningspakker<\/a><\/li>\n \t<li><a href=\"\/wp-content\/uploads\/2025\/02\/Garderobemekka-sidevegg-skyvedor-monteringsanvisning.pdf\">Sidevegger, skyved\u00f8rer og softclose<\/a><\/li>\n \t<li><a href=\"\/wp-content\/uploads\/2025\/01\/Montering_dordemper_0225.pdf\" target=\"_blank\" rel=\"noopener\">D\u00f8rdemper<\/a><\/li>\n<\/ul>\t\t\t\t\t\t\t\t<\/div>\n\t\t\t\t<div class=\"elementor-element elementor-element-a18931b7 elementor-widget elementor-widget-spacer\" data-id=\"a18931b7\" data-element_type=\"widget\" data-e-type=\"widget\" data-widget_type=\"spacer.default\">\n\t\t\t\t\t\t\t<div class=\"elementor-spacer\">\n\t\t\t<div class=\"elementor-spacer-inner\"><\/div>\n\t\t<\/div>\n\t\t\t\t\t\t<\/div>\n\t\t\t\t<\/div>\n\t\t\t\t\t<\/div>\n\t\t\t\t<\/div>\n\t\t\t\t<\/div>\n\t\t","protected":false},"excerpt":{"rendered":"<p>Montering Du bestemmer selv hvordan din nye skyved\u00f8rsgarderobe skal monteres og leveres: du kan hente den selv eller f\u00e5 den levert hjem, montere selv eller sette bort jobben til v\u00e5re erfarne mont\u00f8rer. Jo mer av arbeidet du kan gj\u00f8re selv, desto billigere blir det selvf\u00f8lgelig. Men profesjonell montering kan v\u00e6re en spesielt god id\u00e9 hvis [&hellip;]<\/p>\n","protected":false},"author":1,"featured_media":0,"parent":0,"menu_order":0,"comment_status":"closed","ping_status":"closed","template":"","meta":{"footnotes":""},"class_list":["post-30951","page","type-page","status-publish","hentry"],"yoast_head":"<!-- This site is optimized with the Yoast SEO plugin v27.6 - https:\/\/yoast.com\/product\/yoast-seo-wordpress\/ -->\n<title>Get it installed or delivered straight to your home | Garderobemekka<\/title>\n<meta name=\"description\" content=\"You decide how your new sliding door wardrobe will be installed and delivered: you can collect it yourself or have it delivered to your home, install it yourself or outsource the job to our experienced installers.\" \/>\n<meta name=\"robots\" content=\"index, follow, max-snippet:-1, max-image-preview:large, max-video-preview:-1\" \/>\n<link rel=\"canonical\" href=\"https:\/\/garderobemekka.no\/en\/installation\/\" \/>\n<meta property=\"og:locale\" content=\"en_US\" \/>\n<meta property=\"og:type\" content=\"article\" \/>\n<meta property=\"og:title\" content=\"Get it installed or delivered straight to your home | Garderobemekka\" \/>\n<meta property=\"og:description\" content=\"You decide how your new sliding door wardrobe will be installed and delivered: you can collect it yourself or have it delivered to your home, install it yourself or outsource the job to our experienced installers.\" \/>\n<meta property=\"og:url\" content=\"https:\/\/garderobemekka.no\/en\/installation\/\" \/>\n<meta property=\"og:site_name\" content=\"Garderobemekka\" \/>\n<meta property=\"article:publisher\" content=\"https:\/\/www.facebook.com\/garderobemekka\" \/>\n<meta property=\"article:modified_time\" content=\"2026-05-08T13:33:13+00:00\" \/>\n<meta property=\"og:image\" content=\"https:\/\/garderobemekka.no\/wp-content\/uploads\/elementor\/thumbs\/monteringsanvisninger-pyisin1mgf2wv2bmwyp0s7ickbp35d1ofepsui7iso.png\" \/>\n<meta name=\"twitter:card\" content=\"summary_large_image\" \/>\n<meta name=\"twitter:label1\" content=\"Est. reading time\" \/>\n\t<meta name=\"twitter:data1\" content=\"1 minute\" \/>\n<script type=\"application\/ld+json\" class=\"yoast-schema-graph\">{\"@context\":\"https:\\\/\\\/schema.org\",\"@graph\":[{\"@type\":\"WebPage\",\"@id\":\"https:\\\/\\\/garderobemekka.no\\\/en\\\/installation\\\/\",\"url\":\"https:\\\/\\\/garderobemekka.no\\\/en\\\/installation\\\/\",\"name\":\"Get it installed or delivered straight to your home | Garderobemekka\",\"isPartOf\":{\"@id\":\"https:\\\/\\\/garderobemekka.no\\\/en\\\/#website\"},\"primaryImageOfPage\":{\"@id\":\"https:\\\/\\\/garderobemekka.no\\\/en\\\/installation\\\/#primaryimage\"},\"image\":{\"@id\":\"https:\\\/\\\/garderobemekka.no\\\/en\\\/installation\\\/#primaryimage\"},\"thumbnailUrl\":\"https:\\\/\\\/garderobemekka.no\\\/wp-content\\\/uploads\\\/elementor\\\/thumbs\\\/monteringsanvisninger-pyisin1mgf2wv2bmwyp0s7ickbp35d1ofepsui7iso.png\",\"datePublished\":\"2021-01-31T14:58:05+00:00\",\"dateModified\":\"2026-05-08T13:33:13+00:00\",\"description\":\"You decide how your new sliding door wardrobe will be installed and delivered: you can collect it yourself or have it delivered to your home, install it yourself or outsource the job to our experienced installers.\",\"breadcrumb\":{\"@id\":\"https:\\\/\\\/garderobemekka.no\\\/en\\\/installation\\\/#breadcrumb\"},\"inLanguage\":\"en-US\",\"potentialAction\":[{\"@type\":\"ReadAction\",\"target\":[\"https:\\\/\\\/garderobemekka.no\\\/en\\\/installation\\\/\"]}]},{\"@type\":\"ImageObject\",\"inLanguage\":\"en-US\",\"@id\":\"https:\\\/\\\/garderobemekka.no\\\/en\\\/installation\\\/#primaryimage\",\"url\":\"https:\\\/\\\/garderobemekka.no\\\/wp-content\\\/uploads\\\/elementor\\\/thumbs\\\/monteringsanvisninger-pyisin1mgf2wv2bmwyp0s7ickbp35d1ofepsui7iso.png\",\"contentUrl\":\"https:\\\/\\\/garderobemekka.no\\\/wp-content\\\/uploads\\\/elementor\\\/thumbs\\\/monteringsanvisninger-pyisin1mgf2wv2bmwyp0s7ickbp35d1ofepsui7iso.png\"},{\"@type\":\"BreadcrumbList\",\"@id\":\"https:\\\/\\\/garderobemekka.no\\\/en\\\/installation\\\/#breadcrumb\",\"itemListElement\":[{\"@type\":\"ListItem\",\"position\":1,\"name\":\"Hjem\",\"item\":\"https:\\\/\\\/garderobemekka.no\\\/en\\\/home-page\\\/\"},{\"@type\":\"ListItem\",\"position\":2,\"name\":\"Installation\"}]},{\"@type\":\"WebSite\",\"@id\":\"https:\\\/\\\/garderobemekka.no\\\/en\\\/#website\",\"url\":\"https:\\\/\\\/garderobemekka.no\\\/en\\\/\",\"name\":\"Garderobemekka\",\"description\":\"When quality is a given\",\"publisher\":{\"@id\":\"https:\\\/\\\/garderobemekka.no\\\/en\\\/#organization\"},\"potentialAction\":[{\"@type\":\"SearchAction\",\"target\":{\"@type\":\"EntryPoint\",\"urlTemplate\":\"https:\\\/\\\/garderobemekka.no\\\/en\\\/?s={search_term_string}\"},\"query-input\":{\"@type\":\"PropertyValueSpecification\",\"valueRequired\":true,\"valueName\":\"search_term_string\"}}],\"inLanguage\":\"en-US\"},{\"@type\":\"Organization\",\"@id\":\"https:\\\/\\\/garderobemekka.no\\\/en\\\/#organization\",\"name\":\"Garderobemekka AS\",\"url\":\"https:\\\/\\\/garderobemekka.no\\\/en\\\/\",\"logo\":{\"@type\":\"ImageObject\",\"inLanguage\":\"en-US\",\"@id\":\"https:\\\/\\\/garderobemekka.no\\\/en\\\/#\\\/schema\\\/logo\\\/image\\\/\",\"url\":\"https:\\\/\\\/garderobemekka.no\\\/wp-content\\\/uploads\\\/2020\\\/05\\\/logo-garderobemekka.png\",\"contentUrl\":\"https:\\\/\\\/garderobemekka.no\\\/wp-content\\\/uploads\\\/2020\\\/05\\\/logo-garderobemekka.png\",\"width\":400,\"height\":30,\"caption\":\"Garderobemekka AS\"},\"image\":{\"@id\":\"https:\\\/\\\/garderobemekka.no\\\/en\\\/#\\\/schema\\\/logo\\\/image\\\/\"},\"sameAs\":[\"https:\\\/\\\/www.facebook.com\\\/garderobemekka\",\"https:\\\/\\\/www.instagram.com\\\/garderobemekka\\\/\"]}]}<\/script>\n<!-- \/ Yoast SEO plugin. -->","yoast_head_json":{"title":"Get it installed or delivered straight to your home | Garderobemekka","description":"You decide how your new sliding door wardrobe will be installed and delivered: you can collect it yourself or have it delivered to your home, install it yourself or outsource the job to our experienced installers.","robots":{"index":"index","follow":"follow","max-snippet":"max-snippet:-1","max-image-preview":"max-image-preview:large","max-video-preview":"max-video-preview:-1"},"canonical":"https:\/\/garderobemekka.no\/en\/installation\/","og_locale":"en_US","og_type":"article","og_title":"Get it installed or delivered straight to your home | Garderobemekka","og_description":"You decide how your new sliding door wardrobe will be installed and delivered: you can collect it yourself or have it delivered to your home, install it yourself or outsource the job to our experienced installers.","og_url":"https:\/\/garderobemekka.no\/en\/installation\/","og_site_name":"Garderobemekka","article_publisher":"https:\/\/www.facebook.com\/garderobemekka","article_modified_time":"2026-05-08T13:33:13+00:00","og_image":[{"url":"https:\/\/garderobemekka.no\/wp-content\/uploads\/elementor\/thumbs\/monteringsanvisninger-pyisin1mgf2wv2bmwyp0s7ickbp35d1ofepsui7iso.png","type":"","width":"","height":""}],"twitter_card":"summary_large_image","twitter_misc":{"Est. reading time":"1 minute"},"schema":{"@context":"https:\/\/schema.org","@graph":[{"@type":"WebPage","@id":"https:\/\/garderobemekka.no\/en\/installation\/","url":"https:\/\/garderobemekka.no\/en\/installation\/","name":"Get it installed or delivered straight to your home | Garderobemekka","isPartOf":{"@id":"https:\/\/garderobemekka.no\/en\/#website"},"primaryImageOfPage":{"@id":"https:\/\/garderobemekka.no\/en\/installation\/#primaryimage"},"image":{"@id":"https:\/\/garderobemekka.no\/en\/installation\/#primaryimage"},"thumbnailUrl":"https:\/\/garderobemekka.no\/wp-content\/uploads\/elementor\/thumbs\/monteringsanvisninger-pyisin1mgf2wv2bmwyp0s7ickbp35d1ofepsui7iso.png","datePublished":"2021-01-31T14:58:05+00:00","dateModified":"2026-05-08T13:33:13+00:00","description":"You decide how your new sliding door wardrobe will be installed and delivered: you can collect it yourself or have it delivered to your home, install it yourself or outsource the job to our experienced installers.","breadcrumb":{"@id":"https:\/\/garderobemekka.no\/en\/installation\/#breadcrumb"},"inLanguage":"en-US","potentialAction":[{"@type":"ReadAction","target":["https:\/\/garderobemekka.no\/en\/installation\/"]}]},{"@type":"ImageObject","inLanguage":"en-US","@id":"https:\/\/garderobemekka.no\/en\/installation\/#primaryimage","url":"https:\/\/garderobemekka.no\/wp-content\/uploads\/elementor\/thumbs\/monteringsanvisninger-pyisin1mgf2wv2bmwyp0s7ickbp35d1ofepsui7iso.png","contentUrl":"https:\/\/garderobemekka.no\/wp-content\/uploads\/elementor\/thumbs\/monteringsanvisninger-pyisin1mgf2wv2bmwyp0s7ickbp35d1ofepsui7iso.png"},{"@type":"BreadcrumbList","@id":"https:\/\/garderobemekka.no\/en\/installation\/#breadcrumb","itemListElement":[{"@type":"ListItem","position":1,"name":"Hjem","item":"https:\/\/garderobemekka.no\/en\/home-page\/"},{"@type":"ListItem","position":2,"name":"Installation"}]},{"@type":"WebSite","@id":"https:\/\/garderobemekka.no\/en\/#website","url":"https:\/\/garderobemekka.no\/en\/","name":"Garderobemekka","description":"When quality is a given","publisher":{"@id":"https:\/\/garderobemekka.no\/en\/#organization"},"potentialAction":[{"@type":"SearchAction","target":{"@type":"EntryPoint","urlTemplate":"https:\/\/garderobemekka.no\/en\/?s={search_term_string}"},"query-input":{"@type":"PropertyValueSpecification","valueRequired":true,"valueName":"search_term_string"}}],"inLanguage":"en-US"},{"@type":"Organization","@id":"https:\/\/garderobemekka.no\/en\/#organization","name":"Garderobemekka AS","url":"https:\/\/garderobemekka.no\/en\/","logo":{"@type":"ImageObject","inLanguage":"en-US","@id":"https:\/\/garderobemekka.no\/en\/#\/schema\/logo\/image\/","url":"https:\/\/garderobemekka.no\/wp-content\/uploads\/2020\/05\/logo-garderobemekka.png","contentUrl":"https:\/\/garderobemekka.no\/wp-content\/uploads\/2020\/05\/logo-garderobemekka.png","width":400,"height":30,"caption":"Garderobemekka AS"},"image":{"@id":"https:\/\/garderobemekka.no\/en\/#\/schema\/logo\/image\/"},"sameAs":["https:\/\/www.facebook.com\/garderobemekka","https:\/\/www.instagram.com\/garderobemekka\/"]}]}},"_links":{"self":[{"href":"https:\/\/garderobemekka.no\/en\/wp-json\/wp\/v2\/pages\/30951","targetHints":{"allow":["GET"]}}],"collection":[{"href":"https:\/\/garderobemekka.no\/en\/wp-json\/wp\/v2\/pages"}],"about":[{"href":"https:\/\/garderobemekka.no\/en\/wp-json\/wp\/v2\/types\/page"}],"author":[{"embeddable":true,"href":"https:\/\/garderobemekka.no\/en\/wp-json\/wp\/v2\/users\/1"}],"replies":[{"embeddable":true,"href":"https:\/\/garderobemekka.no\/en\/wp-json\/wp\/v2\/comments?post=30951"}],"version-history":[{"count":14,"href":"https:\/\/garderobemekka.no\/en\/wp-json\/wp\/v2\/pages\/30951\/revisions"}],"predecessor-version":[{"id":40001,"href":"https:\/\/garderobemekka.no\/en\/wp-json\/wp\/v2\/pages\/30951\/revisions\/40001"}],"wp:attachment":[{"href":"https:\/\/garderobemekka.no\/en\/wp-json\/wp\/v2\/media?parent=30951"}],"curies":[{"name":"wp","href":"https:\/\/api.w.org\/{rel}","templated":true}]}}